{"id":6870,"date":"2024-02-02T17:48:47","date_gmt":"2024-02-02T17:48:47","guid":{"rendered":"https:\/\/www.domynoitalia.it\/?page_id=6870"},"modified":"2024-02-04T17:17:04","modified_gmt":"2024-02-04T17:17:04","slug":"consulenza-esg","status":"publish","type":"page","link":"https:\/\/www.domynoitalia.it\/index.php\/consulenza-esg\/","title":{"rendered":"Consulenza ESG"},"content":{"rendered":"[vc_row css=&#8221;.vc_custom_1539785668452{padding-top: 30px !important;}&#8221; el_class=&#8221;about-image&#8221;][vc_column width=&#8221;1\/2&#8243; css=&#8221;.vc_custom_1706889030747{padding-top: 50px !important;}&#8221;][vc_column_text]\n<h2>Consulenza ESG<\/h2>\n<p>Hai gi\u00e0 sentito parlare di \u201c<strong><em>certificazioni ESG<\/em><\/strong>\u201d? Sai davvero che cosa significa?<br \/>\n<strong>ESG<\/strong> \u00e8 l\u2019acronimo di <em>Environmental, Social, and Governance.<\/em><\/p>\n<p>Si tratta dei 3 Pilastri della sostenibilit\u00e0 individuati dall\u2019Unione Europea per verificare, misurare e sostenere l\u2019impegno in termini di sostenibilit\u00e0 di una impresa o di una organizzazione. <strong>Una svolta culturale e di sistema che impatter\u00e0 in maniera sempre pi\u00f9 importante sull\u2019etica ma soprattutto sul BUSINESS delle aziende!<\/strong>[\/vc_column_text][\/vc_column][vc_column width=&#8221;1\/2&#8243;][vc_single_image image=&#8221;6872&#8243; img_size=&#8221;full&#8221; alignment=&#8221;center&#8221; css=&#8221;.vc_custom_1706888813675{padding-top: 20px !important;}&#8221;][\/vc_column][\/vc_row][vc_row css=&#8221;.vc_custom_1512400326803{padding-bottom: 90px !important;}&#8221;][vc_column][vc_column_text css=&#8221;.vc_custom_1706895285681{padding-top: 10% !important;}&#8221;]\n<h2 style=\"text-align: center;\"><span style=\"color: #993300;\">Ma quali vantaggi attribuisce una &#8220;<em>certificazione ESG<\/em>&#8220;?<\/span><\/h2>\n<p>&nbsp;<\/p>\n<p>Ottenere una &#8220;<em>certificazione ESG<\/em>&#8221; (magari con uno <em>score <\/em>particolarmente alto) non \u00e8 pi\u00f9 solo una questione di <em>reputation, marketing o vantaggi competitivi\u2026<\/em><strong>\u00e8 una questione di affidabilit\u00e0 aziendale che inevitabilmente si riflette sulle <em>performance<\/em> della societ\u00e0 e sul business economico!<\/strong><\/p>\n<p>&nbsp;<\/p>\n<h2 style=\"text-align: center;\"><span style=\"color: #993300;\"><strong>In che termini la \u201c<em>certificazione ESG<\/em>\u201d aiuta il business?<\/strong><\/span><\/h2>\n<p>&nbsp;<\/p>\n<ul>\n<li>I <strong>Clienti<\/strong> potranno scegliere e valutare i propri fornitori in base allo <em>score<\/em> ESG;<\/li>\n<li>Le <strong>Banche<\/strong> integrano i fattori ESG nella valutazione del merito creditizio;<\/li>\n<li>Gli <strong>Investitori<\/strong> focalizzano gli investimenti in aziende \u201ccertificate ESG\u201d e con piani di transizione;<\/li>\n<li>Le <strong>Stazioni Appaltanti<\/strong> potranno inserire i fattori ESG nei capitolati di gara;<\/li>\n<li>Il <strong>PNRR<\/strong> e in genere la <strong>finanza agevolata<\/strong> favoriscono gli interventi imprenditoriali in ottica ESG.<\/li>\n<\/ul>\n<p>&nbsp;<\/p>\n<h2 style=\"text-align: center;\"><span style=\"color: #993300;\">Valutare lo\u00a0<em>score\u00a0<\/em>della Tua azienda in termini ESG pu\u00f2 non essere facile!<\/span><\/h2>\n<h2 style=\"text-align: center;\"><span style=\"color: #993300;\"><strong>Ottenere una valutazione positiva e premiante pu\u00f2 essere anche pi\u00f9 difficile!<\/strong><\/span><\/h2>\n<p>&nbsp;<\/p>\n<p><strong>Perch\u00e9? Quali rischi derivano dallo score ESG? <\/strong><\/p>\n<ul>\n<li>I questionari utilizzati per valutare le aziende non sono facili da compilare.<\/li>\n<li>La compilazione dei questionari potrebbe non valorizzare adeguatamente i punti di forza della propria realt\u00e0.<\/li>\n<li>Un rating ESG basso potrebbe indirizzare i clienti verso altri fornitori.<\/li>\n<\/ul>\n[\/vc_column_text][vc_column_text css=&#8221;.vc_custom_1706894613401{padding-top: 10% !important;}&#8221;]\n<h2 style=\"text-align: center;\"><strong>DOMYNO aiuta le aziende in questo percorso in diversi modi. <\/strong><\/h2>\n<h2 style=\"text-align: center;\"><strong>Scegli il pi\u00f9 adatto per te!<\/strong><\/h2>\n[\/vc_column_text][\/vc_column][\/vc_row][vc_row css=&#8221;.vc_custom_1512400326803{padding-bottom: 90px !important;}&#8221;][vc_column width=&#8221;1\/4&#8243;][vc_column_text css=&#8221;.vc_custom_1707067007721{padding-top: 10% !important;}&#8221;]\n<h3 style=\"text-align: center;\"><span style=\"color: #993300;\">ASSISTENZA COMPILATIVA<\/span><\/h3>\n[\/vc_column_text][vc_column_text css=&#8221;.vc_custom_1706895049436{padding-top: 10% !important;}&#8221;]DOMYNO affianca le societ\u00e0 nella compilazione del questionario ESG, anche di terze parti, al fine di valorizzare al meglio la Tua realt\u00e0 aziendale. <span style=\"color: #993300;\"><strong>DOMYNO \u00e8 diversa perch\u00e9<\/strong> Ti mette a disposizione un <em>tutor<\/em> dedicato e altamente qualificato per aiutarTi nella compilazione dei questionari ESG<\/span>[\/vc_column_text][\/vc_column][vc_column width=&#8221;1\/4&#8243;][vc_column_text css=&#8221;.vc_custom_1706895542987{padding-top: 10% !important;}&#8221;]\n<h3 style=\"text-align: center;\"><span style=\"color: #993300;\">PRE-ASSESSMENT ORIENTATIVO<\/span><\/h3>\n[\/vc_column_text][vc_column_text css=&#8221;.vc_custom_1706896074053{padding-top: 10% !important;}&#8221;]DOMYNO realizza un <em>pre-assessment<\/em> utile all&#8217;azienda per individuare i punti di forza e di debolezza in termini ESG. <span style=\"color: #993300;\"><strong>DOMYNO \u00e8 diversa perch\u00e9<\/strong> consente all\u2019imprenditore di valutare la situazione aziendale, prima della compilazione dei \u201cquestionari ESG ufficiali\u201d e offre l\u2019opportunit\u00e0 di conoscere anticipatamente in quali aree intervenire per migliorare il proprio <em>score<\/em><\/span>[\/vc_column_text][\/vc_column][vc_column width=&#8221;1\/4&#8243;][vc_column_text css=&#8221;.vc_custom_1706895592049{padding-top: 10% !important;}&#8221;]\n<h3 style=\"text-align: center;\"><span style=\"color: #993300;\">REPORT ESG DI SOSTENIBILIT<strong>\u00c0<\/strong><\/span><\/h3>\n[\/vc_column_text][vc_column_text css=&#8221;.vc_custom_1706896146374{padding-top: 10% !important;}&#8221;]DOMYNO assiste le societ\u00e0 nell\u2019ottenimento del <em>report ESG. <\/em><span style=\"color: #993300;\"><strong>DOMYNO \u00e8 diversa perch\u00e9 <\/strong>realizza per le aziende un\u2019analisi e una reportistica mirate sulle esigenze concrete del cliente, utili a monitorare anche la propria crescita aziendale<\/span>[\/vc_column_text][\/vc_column][vc_column width=&#8221;1\/4&#8243;][vc_column_text css=&#8221;.vc_custom_1706895082802{padding-top: 10% !important;}&#8221;]\n<h3 style=\"text-align: center;\"><span style=\"color: #993300;\">INTERVENTI MIGLIORATIVI<\/span><\/h3>\n[\/vc_column_text][vc_column_text css=&#8221;.vc_custom_1706896063980{padding-top: 10% !important;}&#8221;]DOMYNO supporta le societ\u00e0 individuando le soluzioni migliorative e\/o correttive pi\u00f9 adatte alla Tua azienda, prodromiche al potenziamento dello <em>score <\/em>ESG. <span style=\"color: #993300;\"><strong>DOMYNO \u00e8 diversa perch\u00e9 <\/strong>Ti propone solo interventi necessari e finalizzati al miglioramento delle <em>performance <\/em>aziendali in una prospettiva di maggiorazione dei ricavi e minimizzazione dei costi<\/span>[\/vc_column_text][\/vc_column][\/vc_row][vc_row][vc_column][vc_custom_heading text=&#8221;Desideri maggiori informazioni? Contattaci!&#8221; font_container=&#8221;tag:h3|font_size:34|text_align:center&#8221; use_theme_fonts=&#8221;yes&#8221; el_class=&#8221;heading-title&#8221; css=&#8221;.vc_custom_1623916713580{padding-bottom: 50px !important;}&#8221;]\n<div class=\"wpcf7 no-js\" id=\"wpcf7-f6396-o1\" lang=\"en-US\" dir=\"ltr\" data-wpcf7-id=\"6396\">\n<div class=\"screen-reader-response\"><p role=\"status\" aria-live=\"polite\" aria-atomic=\"true\"><\/p> <ul><\/ul><\/div>\n<form action=\"\/index.php\/wp-json\/wp\/v2\/pages\/6870#wpcf7-f6396-o1\" method=\"post\" class=\"wpcf7-form init\" aria-label=\"Contact form\" novalidate=\"novalidate\" data-status=\"init\">\n<fieldset class=\"hidden-fields-container\"><input type=\"hidden\" name=\"_wpcf7\" value=\"6396\" \/><input type=\"hidden\" name=\"_wpcf7_version\" value=\"6.1.5\" \/><input type=\"hidden\" name=\"_wpcf7_locale\" value=\"en_US\" \/><input type=\"hidden\" name=\"_wpcf7_unit_tag\" value=\"wpcf7-f6396-o1\" \/><input type=\"hidden\" name=\"_wpcf7_container_post\" value=\"0\" \/><input type=\"hidden\" name=\"_wpcf7_posted_data_hash\" value=\"\" \/>\n<\/fieldset>\n<div class=\"row\">\n\t<div class=\"contact-input\">\n\t\t<div class=\"col-md-12 col-sm-12\">\n\t\t\t<div class=\"contact-company\">\n\t\t\t\t<p><span class=\"wpcf7-form-control-wrap\" data-name=\"your-company\"><input size=\"40\" maxlength=\"400\" class=\"wpcf7-form-control wpcf7-text wpcf7-validates-as-required\" aria-required=\"true\" aria-invalid=\"false\" placeholder=\"Azienda *\" value=\"\" type=\"text\" name=\"your-company\" \/><\/span>\n\t\t\t\t<\/p>\n\t\t\t<\/div>\n\t\t<\/div>\n\t\t<div class=\"col-md-12 col-sm-12\">\n\t\t\t<div class=\"contact-name\">\n\t\t\t\t<p><span class=\"wpcf7-form-control-wrap\" data-name=\"your-name\"><input size=\"40\" maxlength=\"400\" class=\"wpcf7-form-control wpcf7-text wpcf7-validates-as-required\" aria-required=\"true\" aria-invalid=\"false\" placeholder=\"Nome e Cognome *\" value=\"\" type=\"text\" name=\"your-name\" \/><\/span>\n\t\t\t\t<\/p>\n\t\t\t<\/div>\n\t\t<\/div>\n\t\t<div class=\"col-md-12 col-sm-12\">\n\t\t\t<div class=\"contact-email\">\n\t\t\t\t<p><span class=\"wpcf7-form-control-wrap\" data-name=\"your-email\"><input size=\"40\" maxlength=\"400\" class=\"wpcf7-form-control wpcf7-email wpcf7-validates-as-required wpcf7-text wpcf7-validates-as-email\" aria-required=\"true\" aria-invalid=\"false\" placeholder=\"Email *\" value=\"\" type=\"email\" name=\"your-email\" \/><\/span>\n\t\t\t\t<\/p>\n\t\t\t<\/div>\n\t\t<\/div>\n\t\t<div class=\"col-md-12 col-sm-12\">\n\t\t\t<div class=\"contact-phone\">\n\t\t\t\t<p><span class=\"wpcf7-form-control-wrap\" data-name=\"your-phone\"><input size=\"40\" maxlength=\"400\" class=\"wpcf7-form-control wpcf7-tel wpcf7-validates-as-required wpcf7-text wpcf7-validates-as-tel\" aria-required=\"true\" aria-invalid=\"false\" placeholder=\"Telefono *\" value=\"\" type=\"tel\" name=\"your-phone\" \/><\/span>\n\t\t\t\t<\/p>\n\t\t\t<\/div>\n\t\t<\/div>\n\t\t<div class=\"col-md-12 col-sm-12\">\n\t\t\t<div class=\"contact-message\">\n\t\t\t\t<p><span class=\"wpcf7-form-control-wrap\" data-name=\"your-message\"><textarea cols=\"40\" rows=\"10\" maxlength=\"2000\" class=\"wpcf7-form-control wpcf7-textarea wpcf7-validates-as-required\" aria-required=\"true\" aria-invalid=\"false\" placeholder=\"Message *\" name=\"your-message\"><\/textarea><\/span>\n\t\t\t\t<\/p>\n\t\t\t<\/div>\n\t\t<\/div>\n\t<\/div>\n<\/div>\n<div class=\"col-md-12 col-sm-12\">\n\t<p style=\"font-size:14px;\"><br \/>\n<span class=\"wpcf7-form-control-wrap\" data-name=\"checkbox-2\"><span class=\"wpcf7-form-control wpcf7-checkbox wpcf7-validates-as-required\"><span class=\"wpcf7-list-item first last\"><label><input type=\"checkbox\" name=\"checkbox-2[]\" value=\"Dichiaro di aver letto\" \/><span class=\"wpcf7-list-item-label\">Dichiaro di aver letto<\/span><\/label><\/span><\/span><\/span><a href=\"https:\/\/www.domynoitalia.it\/index.php\/privacy-policy\/\" target=\"_blank\"><b> l'informativa sul trattamento dei dati personali<\/b><\/a><br \/>\n<span class=\"wpcf7-form-control-wrap\" data-name=\"radio-3\"><span class=\"wpcf7-form-control wpcf7-radio\"><span class=\"wpcf7-list-item first\"><label><input type=\"radio\" name=\"radio-3\" value=\"Acconsento\" \/><span class=\"wpcf7-list-item-label\">Acconsento<\/span><\/label><\/span><span class=\"wpcf7-list-item last\"><label><input type=\"radio\" name=\"radio-3\" value=\"Non acconsento al trattamento dei miei dati personali per le finalit\u00e0 connesse all\u2019invio a mezzo mail delle informazioni, anche di tipo commerciale, relative ai nostri servizi, offerte e promozioni.\" \/><span class=\"wpcf7-list-item-label\">Non acconsento al trattamento dei miei dati personali per le finalit\u00e0 connesse all\u2019invio a mezzo mail delle informazioni, anche di tipo commerciale, relative ai nostri servizi, offerte e promozioni.<\/span><\/label><\/span><\/span><\/span>\n\t<\/p>\n<\/div>\n<div class=\"contact-submit\">\n\t<p><input class=\"wpcf7-form-control wpcf7-submit has-spinner button\" type=\"submit\" value=\"Invia\" \/>\n\t<\/p>\n<\/div><div class=\"wpcf7-response-output\" aria-hidden=\"true\"><\/div>\n<\/form>\n<\/div>\n[\/vc_column][\/vc_row][vc_row][vc_column][vc_column_text]\n[\/vc_column_text][\/vc_column][\/vc_row]\n","protected":false},"excerpt":{"rendered":"<p>[vc_row css=&#8221;.vc_custom_1539785668452{padding-top: 30px !important;}&#8221; el_class=&#8221;about-image&#8221;][vc_column width=&#8221;1\/2&#8243; css=&#8221;.vc_custom_1706889030747{padding-top: 50px !important;}&#8221;][vc_column_text] Consulenza ESG Hai gi\u00e0 sentito parlare di \u201ccertificazioni ESG\u201d? Sai davvero che cosa significa? ESG \u00e8 l\u2019acronimo di Environmental, Social, and [&hellip;]<\/p>\n","protected":false},"author":1,"featured_media":0,"parent":0,"menu_order":0,"comment_status":"closed","ping_status":"closed","template":"page-templates\/page-no-title.php","meta":{"_monsterinsights_skip_tracking":false,"_monsterinsights_sitenote_active":false,"_monsterinsights_sitenote_note":"","_monsterinsights_sitenote_category":0,"footnotes":""},"class_list":["post-6870","page","type-page","status-publish","hentry"],"yoast_head":"<!-- This site is optimized with the Yoast SEO plugin v27.3 - https:\/\/yoast.com\/product\/yoast-seo-wordpress\/ -->\n<title>Consulenza ESG - Domyno Italia<\/title>\n<meta name=\"robots\" content=\"index, follow, max-snippet:-1, max-image-preview:large, max-video-preview:-1\" \/>\n<link rel=\"canonical\" href=\"https:\/\/www.domynoitalia.it\/index.php\/consulenza-esg\/\" \/>\n<meta property=\"og:locale\" content=\"it_IT\" \/>\n<meta property=\"og:type\" content=\"article\" \/>\n<meta property=\"og:title\" content=\"Consulenza ESG - Domyno Italia\" \/>\n<meta property=\"og:description\" content=\"[vc_row css=&#8221;.vc_custom_1539785668452{padding-top: 30px !important;}&#8221; el_class=&#8221;about-image&#8221;][vc_column width=&#8221;1\/2&#8243; css=&#8221;.vc_custom_1706889030747{padding-top: 50px !important;}&#8221;][vc_column_text] Consulenza ESG Hai gi\u00e0 sentito parlare di \u201ccertificazioni ESG\u201d? Sai davvero che cosa significa? ESG \u00e8 l\u2019acronimo di Environmental, Social, and [&hellip;]\" \/>\n<meta property=\"og:url\" content=\"https:\/\/www.domynoitalia.it\/index.php\/consulenza-esg\/\" \/>\n<meta property=\"og:site_name\" content=\"Domyno Italia\" \/>\n<meta property=\"article:modified_time\" content=\"2024-02-04T17:17:04+00:00\" \/>\n<meta name=\"twitter:card\" content=\"summary_large_image\" \/>\n<meta name=\"twitter:label1\" content=\"Tempo di lettura stimato\" \/>\n\t<meta name=\"twitter:data1\" content=\"3 minuti\" \/>\n<script type=\"application\/ld+json\" class=\"yoast-schema-graph\">{\"@context\":\"https:\\\/\\\/schema.org\",\"@graph\":[{\"@type\":\"WebPage\",\"@id\":\"https:\\\/\\\/www.domynoitalia.it\\\/index.php\\\/consulenza-esg\\\/\",\"url\":\"https:\\\/\\\/www.domynoitalia.it\\\/index.php\\\/consulenza-esg\\\/\",\"name\":\"Consulenza ESG - Domyno Italia\",\"isPartOf\":{\"@id\":\"https:\\\/\\\/www.domynoitalia.it\\\/#website\"},\"datePublished\":\"2024-02-02T17:48:47+00:00\",\"dateModified\":\"2024-02-04T17:17:04+00:00\",\"breadcrumb\":{\"@id\":\"https:\\\/\\\/www.domynoitalia.it\\\/index.php\\\/consulenza-esg\\\/#breadcrumb\"},\"inLanguage\":\"it-IT\",\"potentialAction\":[{\"@type\":\"ReadAction\",\"target\":[\"https:\\\/\\\/www.domynoitalia.it\\\/index.php\\\/consulenza-esg\\\/\"]}]},{\"@type\":\"BreadcrumbList\",\"@id\":\"https:\\\/\\\/www.domynoitalia.it\\\/index.php\\\/consulenza-esg\\\/#breadcrumb\",\"itemListElement\":[{\"@type\":\"ListItem\",\"position\":1,\"name\":\"Home\",\"item\":\"https:\\\/\\\/www.domynoitalia.it\\\/\"},{\"@type\":\"ListItem\",\"position\":2,\"name\":\"Consulenza ESG\"}]},{\"@type\":\"WebSite\",\"@id\":\"https:\\\/\\\/www.domynoitalia.it\\\/#website\",\"url\":\"https:\\\/\\\/www.domynoitalia.it\\\/\",\"name\":\"Domyno Italia\",\"description\":\"\",\"potentialAction\":[{\"@type\":\"SearchAction\",\"target\":{\"@type\":\"EntryPoint\",\"urlTemplate\":\"https:\\\/\\\/www.domynoitalia.it\\\/?s={search_term_string}\"},\"query-input\":{\"@type\":\"PropertyValueSpecification\",\"valueRequired\":true,\"valueName\":\"search_term_string\"}}],\"inLanguage\":\"it-IT\"}]}<\/script>\n<!-- \/ Yoast SEO plugin. -->","yoast_head_json":{"title":"Consulenza ESG - Domyno Italia","robots":{"index":"index","follow":"follow","max-snippet":"max-snippet:-1","max-image-preview":"max-image-preview:large","max-video-preview":"max-video-preview:-1"},"canonical":"https:\/\/www.domynoitalia.it\/index.php\/consulenza-esg\/","og_locale":"it_IT","og_type":"article","og_title":"Consulenza ESG - Domyno Italia","og_description":"[vc_row css=&#8221;.vc_custom_1539785668452{padding-top: 30px !important;}&#8221; el_class=&#8221;about-image&#8221;][vc_column width=&#8221;1\/2&#8243; css=&#8221;.vc_custom_1706889030747{padding-top: 50px !important;}&#8221;][vc_column_text] Consulenza ESG Hai gi\u00e0 sentito parlare di \u201ccertificazioni ESG\u201d? Sai davvero che cosa significa? ESG \u00e8 l\u2019acronimo di Environmental, Social, and [&hellip;]","og_url":"https:\/\/www.domynoitalia.it\/index.php\/consulenza-esg\/","og_site_name":"Domyno Italia","article_modified_time":"2024-02-04T17:17:04+00:00","twitter_card":"summary_large_image","twitter_misc":{"Tempo di lettura stimato":"3 minuti"},"schema":{"@context":"https:\/\/schema.org","@graph":[{"@type":"WebPage","@id":"https:\/\/www.domynoitalia.it\/index.php\/consulenza-esg\/","url":"https:\/\/www.domynoitalia.it\/index.php\/consulenza-esg\/","name":"Consulenza ESG - Domyno Italia","isPartOf":{"@id":"https:\/\/www.domynoitalia.it\/#website"},"datePublished":"2024-02-02T17:48:47+00:00","dateModified":"2024-02-04T17:17:04+00:00","breadcrumb":{"@id":"https:\/\/www.domynoitalia.it\/index.php\/consulenza-esg\/#breadcrumb"},"inLanguage":"it-IT","potentialAction":[{"@type":"ReadAction","target":["https:\/\/www.domynoitalia.it\/index.php\/consulenza-esg\/"]}]},{"@type":"BreadcrumbList","@id":"https:\/\/www.domynoitalia.it\/index.php\/consulenza-esg\/#breadcrumb","itemListElement":[{"@type":"ListItem","position":1,"name":"Home","item":"https:\/\/www.domynoitalia.it\/"},{"@type":"ListItem","position":2,"name":"Consulenza ESG"}]},{"@type":"WebSite","@id":"https:\/\/www.domynoitalia.it\/#website","url":"https:\/\/www.domynoitalia.it\/","name":"Domyno Italia","description":"","potentialAction":[{"@type":"SearchAction","target":{"@type":"EntryPoint","urlTemplate":"https:\/\/www.domynoitalia.it\/?s={search_term_string}"},"query-input":{"@type":"PropertyValueSpecification","valueRequired":true,"valueName":"search_term_string"}}],"inLanguage":"it-IT"}]}},"_links":{"self":[{"href":"https:\/\/www.domynoitalia.it\/index.php\/wp-json\/wp\/v2\/pages\/6870","targetHints":{"allow":["GET"]}}],"collection":[{"href":"https:\/\/www.domynoitalia.it\/index.php\/wp-json\/wp\/v2\/pages"}],"about":[{"href":"https:\/\/www.domynoitalia.it\/index.php\/wp-json\/wp\/v2\/types\/page"}],"author":[{"embeddable":true,"href":"https:\/\/www.domynoitalia.it\/index.php\/wp-json\/wp\/v2\/users\/1"}],"replies":[{"embeddable":true,"href":"https:\/\/www.domynoitalia.it\/index.php\/wp-json\/wp\/v2\/comments?post=6870"}],"version-history":[{"count":34,"href":"https:\/\/www.domynoitalia.it\/index.php\/wp-json\/wp\/v2\/pages\/6870\/revisions"}],"predecessor-version":[{"id":6914,"href":"https:\/\/www.domynoitalia.it\/index.php\/wp-json\/wp\/v2\/pages\/6870\/revisions\/6914"}],"wp:attachment":[{"href":"https:\/\/www.domynoitalia.it\/index.php\/wp-json\/wp\/v2\/media?parent=6870"}],"curies":[{"name":"wp","href":"https:\/\/api.w.org\/{rel}","templated":true}]}}