{"id":6435,"date":"2021-06-25T14:54:13","date_gmt":"2021-06-25T14:54:13","guid":{"rendered":"https:\/\/www.domynoitalia.it\/?page_id=6435"},"modified":"2021-06-25T14:59:12","modified_gmt":"2021-06-25T14:59:12","slug":"norme-contrattuali","status":"publish","type":"page","link":"https:\/\/www.domynoitalia.it\/index.php\/norme-contrattuali\/","title":{"rendered":"Norme contrattuali"},"content":{"rendered":"[vc_row][vc_column][vc_column_text]<strong>NORME CONTRATTUALI<\/strong><\/p>\n<p><strong>CONDIZIONI GENERALI DI CONTRATTO<\/strong><\/p>\n<p><strong>Articolo 1.<\/strong><\/p>\n<p>DOMYNO S.r.l. (d\u2019ora in poi DOMYNO) \u00e8 una societ\u00e0 che offre vari servizi tra i quali la formazione specialistica in tematica di elevato valore e interesse professionale. I corsi organizzati e gestiti da DOMYNO sono denominati \u201cMASTER\u201d, \u201cCORSI DI SPECIALIZZAZIONE\u201d e\/o \u201cCORSI\u201d a seconda della tipologia, durata, intensit\u00e0 e finalit\u00e0. In particolare, DOMYNO organizza corsi specialistici orientati al mondo professionale e lavorativo di professionisti e imprese.<\/p>\n<p><strong>Articolo 2.<\/strong><\/p>\n<p>Il contratto avente ad oggetto la partecipazione ai corsi organizzati da DOMYNO si conclude con la compilazione delle <em>form<\/em> di registrazione (suddivise in Dati di Fatturazione e Dati di Iscrizione del frequentante) previste nella sezione denominata \u201cMASTER E ALTA FORMAZIONE SPECIALISTICA\u201d o nelle singole pagine dedicate ai diversi MASTER e presenti del sito <a href=\"http:\/\/www.domynoitalia.it\">www.domynoitalia.it<\/a> , qui integralmente richiamate. Per concludere l\u2019accordo il richiedente dovr\u00e0 sempre inviare ed allegare copia dell\u2019avvenuto pagamento.<\/p>\n<p><strong>Articolo 3.<\/strong><\/p>\n<p>Concluso il contratto, l\u2019attivazione concreta dei singoli MASTER sar\u00e0 sempre sottoposta alla condizione rappresentata dal raggiungimento di un numero minimo di 12 (dodici) partecipanti al singolo MASTER, salvo diversa determinazione rimessa ad insindacabile giudizio della societ\u00e0. In caso di mancato raggiungimento del numero minimo di 12 (dodici) partecipanti per singolo MASTER, il contratto con DOMYNO sar\u00e0 considerato automaticamente risolto e improduttivo di ogni effetto. DOMYNO sar\u00e0 semplicemente tenuta a dare avviso del verificarsi della condizione ed alla restituzione degli importi eventualmente gi\u00e0 percepiti, senza alcun rimborso spese o maggiorazione di sorta. L\u2019interessato rinuncia ad avanzare pretese risarcitorie o indennitarie per effetto della mancata attivazione del corso. \u00c8 fatta salva la facolt\u00e0 di DOMYNO di rinunciare alla condizione ed attivare comunque il corso anche con un numero di partecipanti inferiore alle 12 (dodici) unit\u00e0 per ciascun MASTER, dandone comunicazione all\u2019interessato.<\/p>\n<p><strong>Articolo 4.<\/strong><\/p>\n<p>DOMYNO, per ragioni organizzative, per sopravvenuti impedimenti dei singoli docenti ovvero per ragioni didattiche \u2013 si riserva la facolt\u00e0 di apportare modifiche ai calendari, agli orari delle lezioni nonch\u00e9 ai programmi, ferma la struttura sostanziale dei corsi. La variazione del calendario, degli orari, dei programmi e dei relatori non fa sorgere nel partecipante del corso alcuna pretesa risarcitoria, indennitaria n\u00e9 a qualunque rimborso di sorta n\u00e9 legittima il corsista a sottrarsi agli obblighi contrattuali. DOMYNO inoltre, per ragioni organizzative, si riserva di modalit\u00e0 di erogazione del corso, individuandone altre di pari categoria.<\/p>\n<p><strong>Articolo 5.<\/strong><\/p>\n<p>DOMYNO, in ottemperanza ad eventuali provvedimenti dell\u2019Autorit\u00e0 (a mero titolo esemplificativo: Dpcm, leggi, regolamenti, ordinanze regionali, ordinanze sindacali, etc..) volti al contenimento e al contrasto dell\u2019epidemia di Covid-19, che precludessero in tutto o in parte la possibilit\u00e0 di svolgere regolarmente i corsi in presenza, si riserva la facolt\u00e0 di garantire l\u2019erogazione del servizio in modalit\u00e0 telematica tramite il \u201cCorso Online\u201d. Tale mutamento della modalit\u00e0 di erogazione del servizio non determina il sorgere in capo al corsista di alcun diritto di recesso n\u00e9 di alcuna pretesa risarcitoria o indennitaria, salvo la proporzionale riduzione del prezzo da commisurarsi in ragione del numero di lezioni rimaste e della sede interessata. DOMYNO si riserva il medesimo diritto qualora si verificassero casi di positivit\u00e0 al Sars-Cov2 all\u2019interno di una classe, secondo i principi di massima cautela e prudenza.<\/p>\n<p><strong>Articolo 6.<\/strong><\/p>\n<p>Il corrispettivo dovuto a DOMYNO varia a seconda del singolo MASTER ed il corretto ammontare \u00e8 sempre chiaramente rinvenibile nella sezione dedicata al singolo MASTER nel sito www.domynoitalia.it. DOMYNO si riserva comunque di introdurre corrispettivi promozionali o agevolazioni in relazione al MASTER concretamente organizzato. Il pagamento del corrispettivo avverr\u00e0 secondo le modalit\u00e0 indicate nel predetto sito internet ed in relazione al MASTER prescelto.<\/p>\n<p><strong>Articolo 7.<\/strong><\/p>\n<p>Tutto il materiale \u2013 video, audio, testo e di qualsivoglia altra tipologia \u2013 concernente i MASTER attivati da DOMYNO \u00e8 di titolarit\u00e0 esclusiva, direttamente o in forza di accordi contrattuali, della DOMYNO. Pertanto, il contenuto, l\u2019elaborazione, la forma e la presentazione si intende protetto da <em>copyright<\/em>. Di tutto il predetto materiale \u00e8 vietato l\u2019utilizzo da parte del corsista per finalit\u00e0 estranee alla partecipazione ai MASTER; in particolare, \u00e8 fatto espresso divieto di cedere a terzi il materiale. La riproduzione totale o parziale del materiale effettuata da parte ovvero a favore di terzi con qualsiasi mezzo e su qualsiasi supporto idoneo alla riproduzione e trasmissione non \u00e8 consentita senza il preventivo consenso di DOMYNO.<\/p>\n<p><strong>Articolo 8.<\/strong><\/p>\n<p>Il contratto con DOMYNO sar\u00e0 regolato esclusivamente dalla legge italiana. Qualsiasi controversia tra DOMYNO e il contraente relativa al presente rapporto contrattuale sar\u00e0 di competenza territoriale del foro di Padova, con esclusione di ogni altro foro.[\/vc_column_text][\/vc_column][\/vc_row]\n","protected":false},"excerpt":{"rendered":"<p>[vc_row][vc_column][vc_column_text]NORME CONTRATTUALI CONDIZIONI GENERALI DI CONTRATTO Articolo 1. DOMYNO S.r.l. (d\u2019ora in poi DOMYNO) \u00e8 una societ\u00e0 che offre vari servizi tra i quali la formazione specialistica in tematica di [&hellip;]<\/p>\n","protected":false},"author":1,"featured_media":0,"parent":0,"menu_order":0,"comment_status":"closed","ping_status":"closed","template":"page-templates\/page-no-title.php","meta":{"_monsterinsights_skip_tracking":false,"_monsterinsights_sitenote_active":false,"_monsterinsights_sitenote_note":"","_monsterinsights_sitenote_category":0,"footnotes":""},"class_list":["post-6435","page","type-page","status-publish","hentry"],"yoast_head":"<!-- This site is optimized with the Yoast SEO plugin v27.3 - https:\/\/yoast.com\/product\/yoast-seo-wordpress\/ -->\n<title>Norme contrattuali - Domyno Italia<\/title>\n<meta name=\"robots\" content=\"index, follow, max-snippet:-1, max-image-preview:large, max-video-preview:-1\" \/>\n<link rel=\"canonical\" href=\"https:\/\/www.domynoitalia.it\/index.php\/norme-contrattuali\/\" \/>\n<meta property=\"og:locale\" content=\"it_IT\" \/>\n<meta property=\"og:type\" content=\"article\" \/>\n<meta property=\"og:title\" content=\"Norme contrattuali - Domyno Italia\" \/>\n<meta property=\"og:description\" content=\"[vc_row][vc_column][vc_column_text]NORME CONTRATTUALI CONDIZIONI GENERALI DI CONTRATTO Articolo 1. DOMYNO S.r.l. (d\u2019ora in poi DOMYNO) \u00e8 una societ\u00e0 che offre vari servizi tra i quali la formazione specialistica in tematica di [&hellip;]\" \/>\n<meta property=\"og:url\" content=\"https:\/\/www.domynoitalia.it\/index.php\/norme-contrattuali\/\" \/>\n<meta property=\"og:site_name\" content=\"Domyno Italia\" \/>\n<meta property=\"article:modified_time\" content=\"2021-06-25T14:59:12+00:00\" \/>\n<meta name=\"twitter:card\" content=\"summary_large_image\" \/>\n<meta name=\"twitter:label1\" content=\"Tempo di lettura stimato\" \/>\n\t<meta name=\"twitter:data1\" content=\"12 minuti\" \/>\n<script type=\"application\/ld+json\" class=\"yoast-schema-graph\">{\"@context\":\"https:\\\/\\\/schema.org\",\"@graph\":[{\"@type\":\"WebPage\",\"@id\":\"https:\\\/\\\/www.domynoitalia.it\\\/index.php\\\/norme-contrattuali\\\/\",\"url\":\"https:\\\/\\\/www.domynoitalia.it\\\/index.php\\\/norme-contrattuali\\\/\",\"name\":\"Norme contrattuali - Domyno Italia\",\"isPartOf\":{\"@id\":\"https:\\\/\\\/www.domynoitalia.it\\\/#website\"},\"datePublished\":\"2021-06-25T14:54:13+00:00\",\"dateModified\":\"2021-06-25T14:59:12+00:00\",\"breadcrumb\":{\"@id\":\"https:\\\/\\\/www.domynoitalia.it\\\/index.php\\\/norme-contrattuali\\\/#breadcrumb\"},\"inLanguage\":\"it-IT\",\"potentialAction\":[{\"@type\":\"ReadAction\",\"target\":[\"https:\\\/\\\/www.domynoitalia.it\\\/index.php\\\/norme-contrattuali\\\/\"]}]},{\"@type\":\"BreadcrumbList\",\"@id\":\"https:\\\/\\\/www.domynoitalia.it\\\/index.php\\\/norme-contrattuali\\\/#breadcrumb\",\"itemListElement\":[{\"@type\":\"ListItem\",\"position\":1,\"name\":\"Home\",\"item\":\"https:\\\/\\\/www.domynoitalia.it\\\/\"},{\"@type\":\"ListItem\",\"position\":2,\"name\":\"Norme contrattuali\"}]},{\"@type\":\"WebSite\",\"@id\":\"https:\\\/\\\/www.domynoitalia.it\\\/#website\",\"url\":\"https:\\\/\\\/www.domynoitalia.it\\\/\",\"name\":\"Domyno Italia\",\"description\":\"\",\"potentialAction\":[{\"@type\":\"SearchAction\",\"target\":{\"@type\":\"EntryPoint\",\"urlTemplate\":\"https:\\\/\\\/www.domynoitalia.it\\\/?s={search_term_string}\"},\"query-input\":{\"@type\":\"PropertyValueSpecification\",\"valueRequired\":true,\"valueName\":\"search_term_string\"}}],\"inLanguage\":\"it-IT\"}]}<\/script>\n<!-- \/ Yoast SEO plugin. -->","yoast_head_json":{"title":"Norme contrattuali - Domyno Italia","robots":{"index":"index","follow":"follow","max-snippet":"max-snippet:-1","max-image-preview":"max-image-preview:large","max-video-preview":"max-video-preview:-1"},"canonical":"https:\/\/www.domynoitalia.it\/index.php\/norme-contrattuali\/","og_locale":"it_IT","og_type":"article","og_title":"Norme contrattuali - Domyno Italia","og_description":"[vc_row][vc_column][vc_column_text]NORME CONTRATTUALI CONDIZIONI GENERALI DI CONTRATTO Articolo 1. DOMYNO S.r.l. (d\u2019ora in poi DOMYNO) \u00e8 una societ\u00e0 che offre vari servizi tra i quali la formazione specialistica in tematica di [&hellip;]","og_url":"https:\/\/www.domynoitalia.it\/index.php\/norme-contrattuali\/","og_site_name":"Domyno Italia","article_modified_time":"2021-06-25T14:59:12+00:00","twitter_card":"summary_large_image","twitter_misc":{"Tempo di lettura stimato":"12 minuti"},"schema":{"@context":"https:\/\/schema.org","@graph":[{"@type":"WebPage","@id":"https:\/\/www.domynoitalia.it\/index.php\/norme-contrattuali\/","url":"https:\/\/www.domynoitalia.it\/index.php\/norme-contrattuali\/","name":"Norme contrattuali - Domyno Italia","isPartOf":{"@id":"https:\/\/www.domynoitalia.it\/#website"},"datePublished":"2021-06-25T14:54:13+00:00","dateModified":"2021-06-25T14:59:12+00:00","breadcrumb":{"@id":"https:\/\/www.domynoitalia.it\/index.php\/norme-contrattuali\/#breadcrumb"},"inLanguage":"it-IT","potentialAction":[{"@type":"ReadAction","target":["https:\/\/www.domynoitalia.it\/index.php\/norme-contrattuali\/"]}]},{"@type":"BreadcrumbList","@id":"https:\/\/www.domynoitalia.it\/index.php\/norme-contrattuali\/#breadcrumb","itemListElement":[{"@type":"ListItem","position":1,"name":"Home","item":"https:\/\/www.domynoitalia.it\/"},{"@type":"ListItem","position":2,"name":"Norme contrattuali"}]},{"@type":"WebSite","@id":"https:\/\/www.domynoitalia.it\/#website","url":"https:\/\/www.domynoitalia.it\/","name":"Domyno Italia","description":"","potentialAction":[{"@type":"SearchAction","target":{"@type":"EntryPoint","urlTemplate":"https:\/\/www.domynoitalia.it\/?s={search_term_string}"},"query-input":{"@type":"PropertyValueSpecification","valueRequired":true,"valueName":"search_term_string"}}],"inLanguage":"it-IT"}]}},"_links":{"self":[{"href":"https:\/\/www.domynoitalia.it\/index.php\/wp-json\/wp\/v2\/pages\/6435","targetHints":{"allow":["GET"]}}],"collection":[{"href":"https:\/\/www.domynoitalia.it\/index.php\/wp-json\/wp\/v2\/pages"}],"about":[{"href":"https:\/\/www.domynoitalia.it\/index.php\/wp-json\/wp\/v2\/types\/page"}],"author":[{"embeddable":true,"href":"https:\/\/www.domynoitalia.it\/index.php\/wp-json\/wp\/v2\/users\/1"}],"replies":[{"embeddable":true,"href":"https:\/\/www.domynoitalia.it\/index.php\/wp-json\/wp\/v2\/comments?post=6435"}],"version-history":[{"count":2,"href":"https:\/\/www.domynoitalia.it\/index.php\/wp-json\/wp\/v2\/pages\/6435\/revisions"}],"predecessor-version":[{"id":6441,"href":"https:\/\/www.domynoitalia.it\/index.php\/wp-json\/wp\/v2\/pages\/6435\/revisions\/6441"}],"wp:attachment":[{"href":"https:\/\/www.domynoitalia.it\/index.php\/wp-json\/wp\/v2\/media?parent=6435"}],"curies":[{"name":"wp","href":"https:\/\/api.w.org\/{rel}","templated":true}]}}