{"id":6356,"date":"2021-06-21T16:28:33","date_gmt":"2021-06-21T16:28:33","guid":{"rendered":"https:\/\/www.domynoitalia.it\/?page_id=6356"},"modified":"2024-02-15T22:07:33","modified_gmt":"2024-02-15T22:07:33","slug":"servizi-per-aziende","status":"publish","type":"page","link":"https:\/\/www.domynoitalia.it\/index.php\/servizi-per-aziende\/","title":{"rendered":"Servizi per Aziende"},"content":{"rendered":"[vc_row][vc_column][vc_column_text]\n<h2 style=\"text-align: center;\">SERVIZI PER AZIENDE<\/h2>\n<p>&nbsp;<\/p>\n<p style=\"text-align: justify;\">DOMYNO realizza servizi di consulenza aziendale altamente specializzati avvalendosi di professionisti ed esperti di primissimo livello.<\/p>\n<p style=\"text-align: justify;\">Tali servizi si rivolgono ad imprese e societ\u00e0 di tutte le dimensioni e tipologie di attivit\u00e0: DOMYNO \u00e8 infatti in grado di selezionare le giuste e pi\u00f9 idonee soluzioni in base alle effettive esigenze del cliente.<br \/>\nAttraverso i propri consulenti, DOMYNO rappresenta un punto di assoluto riferimento per il mercato e una delle realt\u00e0 pi\u00f9 prestigiose nel panorama della consulenza aziendale di carattere specialistico.<br \/>\nI servizi offerti consentono al cliente di strutturare la propria organizzazione perseguendo sia le necessarie finalit\u00e0 di tutela legale che di efficientamento del business.<\/p>\n<p style=\"text-align: justify;\">Scopri le caratteristiche dei nostri servizi e le modalit\u00e0 attraverso le quali vengono realizzati:<\/p>\n[\/vc_column_text][\/vc_column][\/vc_row][vc_row][vc_column width=&#8221;1\/3&#8243;][vc_single_image image=&#8221;6277&#8243; img_size=&#8221;400&#215;265&#8243; alignment=&#8221;center&#8221; style=&#8221;vc_box_rounded&#8221;][vc_btn title=&#8221;Modelli Organizzativi 231&#8243; style=&#8221;flat&#8221; color=&#8221;juicy-pink&#8221; align=&#8221;center&#8221; css=&#8221;.vc_custom_1624293357891{margin-top: 20px !important;}&#8221; link=&#8221;url:https%3A%2F%2Fwww.domynoitalia.it%2Findex.php%2Fmodelli-organizzativi-231%2F|title:Modelli%20Organizzativi%20231||&#8221;][\/vc_column][vc_column width=&#8221;1\/3&#8243;][vc_single_image image=&#8221;6068&#8243; img_size=&#8221;400&#215;265&#8243; alignment=&#8221;center&#8221; style=&#8221;vc_box_rounded&#8221;][vc_btn title=&#8221;GDPR e Cybersecurity&#8221; style=&#8221;flat&#8221; color=&#8221;juicy-pink&#8221; align=&#8221;center&#8221; css=&#8221;.vc_custom_1624293423073{margin-top: 20px !important;}&#8221; link=&#8221;url:https%3A%2F%2Fwww.domynoitalia.it%2Findex.php%2Fprotezione-dati-personali-gdpr-e-cybersecurity%2F|title:GDPR%20e%20Cybersecurity||&#8221;][\/vc_column][vc_column width=&#8221;1\/3&#8243;][vc_single_image image=&#8221;6848&#8243; img_size=&#8221;400&#215;265&#8243; alignment=&#8221;center&#8221; style=&#8221;vc_box_rounded&#8221;][vc_btn title=&#8221;Corso Whistleblowing&#8221; style=&#8221;flat&#8221; color=&#8221;juicy-pink&#8221; align=&#8221;center&#8221; css=&#8221;.vc_custom_1706437742028{margin-top: 20px !important;}&#8221; link=&#8221;url:https%3A%2F%2Fwww.domynoitalia.it%2Findex.php%2Fcorso-gestore-segnalazioni-whistleblowing%2F|title:Gestore%20Whistleblowing||&#8221;][\/vc_column][\/vc_row][vc_row][vc_column width=&#8221;1\/3&#8243;][vc_single_image image=&#8221;6906&#8243; img_size=&#8221;400&#215;265&#8243; alignment=&#8221;center&#8221; style=&#8221;vc_box_rounded&#8221;][vc_btn title=&#8221;Consulenza ESG&#8221; style=&#8221;flat&#8221; color=&#8221;juicy-pink&#8221; align=&#8221;center&#8221; css=&#8221;.vc_custom_1706896472401{margin-top: 20px !important;}&#8221; link=&#8221;url:https%3A%2F%2Fwww.domynoitalia.it%2Findex.php%2Fconsulenza-esg%2F%20|title:Consulenza%20direzionale||&#8221;][\/vc_column][vc_column width=&#8221;1\/3&#8243;][vc_single_image image=&#8221;6279&#8243; img_size=&#8221;400&#215;265&#8243; alignment=&#8221;center&#8221; style=&#8221;vc_box_rounded&#8221;][vc_btn title=&#8221;Due diligence e Audit&#8221; style=&#8221;flat&#8221; color=&#8221;juicy-pink&#8221; align=&#8221;center&#8221; css=&#8221;.vc_custom_1624293558324{margin-top: 20px !important;}&#8221; link=&#8221;url:https%3A%2F%2Fwww.domynoitalia.it%2Findex.php%2Fdue-diligence-contrattualistica-e-audit-di-business-continuity%2F|title:Due%20diligence%20contrattualistica%20e%20Audit%20di%20Business%20Continuity||&#8221;][\/vc_column][vc_column width=&#8221;1\/3&#8243;][vc_single_image image=&#8221;6143&#8243; img_size=&#8221;400&#215;265&#8243; alignment=&#8221;center&#8221; style=&#8221;vc_box_rounded&#8221;][vc_btn title=&#8221;Business plan e Start Up&#8221; style=&#8221;flat&#8221; color=&#8221;juicy-pink&#8221; align=&#8221;center&#8221; css=&#8221;.vc_custom_1624293486785{margin-top: 20px !important;}&#8221; link=&#8221;url:https%3A%2F%2Fwww.domynoitalia.it%2Findex.php%2Fbusiness-plan-ed-analisi-di-fattibilita-per-start-up%2F|title:Business%20plan%20ed%20analisi%20di%20fattibilit%C3%A0%20per%20Start%20Up||&#8221;][\/vc_column][\/vc_row][vc_row][vc_column width=&#8221;1\/3&#8243;][vc_single_image image=&#8221;6281&#8243; img_size=&#8221;400&#215;265&#8243; alignment=&#8221;center&#8221; style=&#8221;vc_box_rounded&#8221;][vc_btn title=&#8221;Consulenza direzionale&#8221; style=&#8221;flat&#8221; color=&#8221;juicy-pink&#8221; align=&#8221;center&#8221; css=&#8221;.vc_custom_1706896611316{margin-top: 20px !important;}&#8221; link=&#8221;url:https%3A%2F%2Fwww.domynoitalia.it%2Findex.php%2Fconsulenza-direzionale%2F|title:Due%20diligence%20contrattualistica%20e%20Audit%20di%20Business%20Continuity||&#8221;][\/vc_column][vc_column width=&#8221;1\/3&#8243;][vc_single_image image=&#8221;6283&#8243; img_size=&#8221;400&#215;265&#8243; alignment=&#8221;center&#8221; style=&#8221;vc_box_rounded&#8221;][vc_btn title=&#8221;Rating di Legalit\u00e0&#8221; style=&#8221;flat&#8221; color=&#8221;juicy-pink&#8221; align=&#8221;center&#8221; css=&#8221;.vc_custom_1624293683064{margin-top: 20px !important;}&#8221; link=&#8221;url:https%3A%2F%2Fwww.domynoitalia.it%2Findex.php%2Fconsulenza-per-il-conseguimento-rating-di-legalita%2F|title:Consulenza%20per%20il%20conseguimento%20Rating%20di%20Legalit%C3%A0||&#8221;][\/vc_column][vc_column width=&#8221;1\/3&#8243;][vc_single_image image=&#8221;6942&#8243; img_size=&#8221;400&#215;265&#8243; alignment=&#8221;center&#8221; style=&#8221;vc_box_rounded&#8221;][vc_btn title=&#8221;Academy &#8211; Recruitment&#8221; style=&#8221;flat&#8221; color=&#8221;juicy-pink&#8221; align=&#8221;center&#8221; css=&#8221;.vc_custom_1708034686821{margin-top: 20px !important;}&#8221; link=&#8221;url:https%3A%2F%2Fwww.domynoitalia.it%2Findex.php%2Facademy-recruitment%2F|title:Academy%20-%20Recruitment||&#8221;][\/vc_column][\/vc_row]\n","protected":false},"excerpt":{"rendered":"<p>[vc_row][vc_column][vc_column_text] SERVIZI PER AZIENDE &nbsp; DOMYNO realizza servizi di consulenza aziendale altamente specializzati avvalendosi di professionisti ed esperti di primissimo livello. Tali servizi si rivolgono ad imprese e societ\u00e0 di [&hellip;]<\/p>\n","protected":false},"author":1,"featured_media":0,"parent":0,"menu_order":0,"comment_status":"closed","ping_status":"closed","template":"page-templates\/page-no-title.php","meta":{"_monsterinsights_skip_tracking":false,"_monsterinsights_sitenote_active":false,"_monsterinsights_sitenote_note":"","_monsterinsights_sitenote_category":0,"footnotes":""},"class_list":["post-6356","page","type-page","status-publish","hentry"],"yoast_head":"<!-- This site is optimized with the Yoast SEO plugin v27.5 - https:\/\/yoast.com\/product\/yoast-seo-wordpress\/ -->\n<title>Servizi per Aziende - Domyno Italia<\/title>\n<meta name=\"robots\" content=\"index, follow, max-snippet:-1, max-image-preview:large, max-video-preview:-1\" \/>\n<link rel=\"canonical\" href=\"https:\/\/www.domynoitalia.it\/index.php\/servizi-per-aziende\/\" \/>\n<meta property=\"og:locale\" content=\"it_IT\" \/>\n<meta property=\"og:type\" content=\"article\" \/>\n<meta property=\"og:title\" content=\"Servizi per Aziende - Domyno Italia\" \/>\n<meta property=\"og:description\" content=\"[vc_row][vc_column][vc_column_text] SERVIZI PER AZIENDE &nbsp; DOMYNO realizza servizi di consulenza aziendale altamente specializzati avvalendosi di professionisti ed esperti di primissimo livello. Tali servizi si rivolgono ad imprese e societ\u00e0 di [&hellip;]\" \/>\n<meta property=\"og:url\" content=\"https:\/\/www.domynoitalia.it\/index.php\/servizi-per-aziende\/\" \/>\n<meta property=\"og:site_name\" content=\"Domyno Italia\" \/>\n<meta property=\"article:modified_time\" content=\"2024-02-15T22:07:33+00:00\" \/>\n<meta name=\"twitter:card\" content=\"summary_large_image\" \/>\n<meta name=\"twitter:label1\" content=\"Tempo di lettura stimato\" \/>\n\t<meta name=\"twitter:data1\" content=\"2 minuti\" \/>\n<script type=\"application\/ld+json\" class=\"yoast-schema-graph\">{\"@context\":\"https:\\\/\\\/schema.org\",\"@graph\":[{\"@type\":\"WebPage\",\"@id\":\"https:\\\/\\\/www.domynoitalia.it\\\/index.php\\\/servizi-per-aziende\\\/\",\"url\":\"https:\\\/\\\/www.domynoitalia.it\\\/index.php\\\/servizi-per-aziende\\\/\",\"name\":\"Servizi per Aziende - Domyno Italia\",\"isPartOf\":{\"@id\":\"https:\\\/\\\/www.domynoitalia.it\\\/#website\"},\"datePublished\":\"2021-06-21T16:28:33+00:00\",\"dateModified\":\"2024-02-15T22:07:33+00:00\",\"breadcrumb\":{\"@id\":\"https:\\\/\\\/www.domynoitalia.it\\\/index.php\\\/servizi-per-aziende\\\/#breadcrumb\"},\"inLanguage\":\"it-IT\",\"potentialAction\":[{\"@type\":\"ReadAction\",\"target\":[\"https:\\\/\\\/www.domynoitalia.it\\\/index.php\\\/servizi-per-aziende\\\/\"]}]},{\"@type\":\"BreadcrumbList\",\"@id\":\"https:\\\/\\\/www.domynoitalia.it\\\/index.php\\\/servizi-per-aziende\\\/#breadcrumb\",\"itemListElement\":[{\"@type\":\"ListItem\",\"position\":1,\"name\":\"Home\",\"item\":\"https:\\\/\\\/www.domynoitalia.it\\\/\"},{\"@type\":\"ListItem\",\"position\":2,\"name\":\"Servizi per Aziende\"}]},{\"@type\":\"WebSite\",\"@id\":\"https:\\\/\\\/www.domynoitalia.it\\\/#website\",\"url\":\"https:\\\/\\\/www.domynoitalia.it\\\/\",\"name\":\"Domyno Italia\",\"description\":\"\",\"potentialAction\":[{\"@type\":\"SearchAction\",\"target\":{\"@type\":\"EntryPoint\",\"urlTemplate\":\"https:\\\/\\\/www.domynoitalia.it\\\/?s={search_term_string}\"},\"query-input\":{\"@type\":\"PropertyValueSpecification\",\"valueRequired\":true,\"valueName\":\"search_term_string\"}}],\"inLanguage\":\"it-IT\"}]}<\/script>\n<!-- \/ Yoast SEO plugin. -->","yoast_head_json":{"title":"Servizi per Aziende - Domyno Italia","robots":{"index":"index","follow":"follow","max-snippet":"max-snippet:-1","max-image-preview":"max-image-preview:large","max-video-preview":"max-video-preview:-1"},"canonical":"https:\/\/www.domynoitalia.it\/index.php\/servizi-per-aziende\/","og_locale":"it_IT","og_type":"article","og_title":"Servizi per Aziende - Domyno Italia","og_description":"[vc_row][vc_column][vc_column_text] SERVIZI PER AZIENDE &nbsp; DOMYNO realizza servizi di consulenza aziendale altamente specializzati avvalendosi di professionisti ed esperti di primissimo livello. Tali servizi si rivolgono ad imprese e societ\u00e0 di [&hellip;]","og_url":"https:\/\/www.domynoitalia.it\/index.php\/servizi-per-aziende\/","og_site_name":"Domyno Italia","article_modified_time":"2024-02-15T22:07:33+00:00","twitter_card":"summary_large_image","twitter_misc":{"Tempo di lettura stimato":"2 minuti"},"schema":{"@context":"https:\/\/schema.org","@graph":[{"@type":"WebPage","@id":"https:\/\/www.domynoitalia.it\/index.php\/servizi-per-aziende\/","url":"https:\/\/www.domynoitalia.it\/index.php\/servizi-per-aziende\/","name":"Servizi per Aziende - Domyno Italia","isPartOf":{"@id":"https:\/\/www.domynoitalia.it\/#website"},"datePublished":"2021-06-21T16:28:33+00:00","dateModified":"2024-02-15T22:07:33+00:00","breadcrumb":{"@id":"https:\/\/www.domynoitalia.it\/index.php\/servizi-per-aziende\/#breadcrumb"},"inLanguage":"it-IT","potentialAction":[{"@type":"ReadAction","target":["https:\/\/www.domynoitalia.it\/index.php\/servizi-per-aziende\/"]}]},{"@type":"BreadcrumbList","@id":"https:\/\/www.domynoitalia.it\/index.php\/servizi-per-aziende\/#breadcrumb","itemListElement":[{"@type":"ListItem","position":1,"name":"Home","item":"https:\/\/www.domynoitalia.it\/"},{"@type":"ListItem","position":2,"name":"Servizi per Aziende"}]},{"@type":"WebSite","@id":"https:\/\/www.domynoitalia.it\/#website","url":"https:\/\/www.domynoitalia.it\/","name":"Domyno Italia","description":"","potentialAction":[{"@type":"SearchAction","target":{"@type":"EntryPoint","urlTemplate":"https:\/\/www.domynoitalia.it\/?s={search_term_string}"},"query-input":{"@type":"PropertyValueSpecification","valueRequired":true,"valueName":"search_term_string"}}],"inLanguage":"it-IT"}]}},"_links":{"self":[{"href":"https:\/\/www.domynoitalia.it\/index.php\/wp-json\/wp\/v2\/pages\/6356","targetHints":{"allow":["GET"]}}],"collection":[{"href":"https:\/\/www.domynoitalia.it\/index.php\/wp-json\/wp\/v2\/pages"}],"about":[{"href":"https:\/\/www.domynoitalia.it\/index.php\/wp-json\/wp\/v2\/types\/page"}],"author":[{"embeddable":true,"href":"https:\/\/www.domynoitalia.it\/index.php\/wp-json\/wp\/v2\/users\/1"}],"replies":[{"embeddable":true,"href":"https:\/\/www.domynoitalia.it\/index.php\/wp-json\/wp\/v2\/comments?post=6356"}],"version-history":[{"count":16,"href":"https:\/\/www.domynoitalia.it\/index.php\/wp-json\/wp\/v2\/pages\/6356\/revisions"}],"predecessor-version":[{"id":6943,"href":"https:\/\/www.domynoitalia.it\/index.php\/wp-json\/wp\/v2\/pages\/6356\/revisions\/6943"}],"wp:attachment":[{"href":"https:\/\/www.domynoitalia.it\/index.php\/wp-json\/wp\/v2\/media?parent=6356"}],"curies":[{"name":"wp","href":"https:\/\/api.w.org\/{rel}","templated":true}]}}