{"id":5984,"date":"2021-06-04T08:38:08","date_gmt":"2021-06-04T08:38:08","guid":{"rendered":"https:\/\/www.domynoitalia.it\/?page_id=5984"},"modified":"2021-06-22T13:34:45","modified_gmt":"2021-06-22T13:34:45","slug":"protezione-dati-personali-gdpr-e-cybersecurity","status":"publish","type":"page","link":"https:\/\/www.domynoitalia.it\/index.php\/protezione-dati-personali-gdpr-e-cybersecurity\/","title":{"rendered":"Protezione dati personali: GDPR e Cybersecurity"},"content":{"rendered":"[vc_row css=&#8221;.vc_custom_1539785668452{padding-top: 30px !important;}&#8221; el_class=&#8221;about-image&#8221;][vc_column width=&#8221;1\/2&#8243;][vc_column_text]\n<h2 style=\"text-align: left;\">Protezione Dati Personali: GDPR e Cybersecurity<\/h2>\n<p style=\"text-align: justify;\">Il tema relativo alla sicurezza dei dati personali assume quotidianamente crescente rilevanza a causa della sempre maggiore esposizione dei dispositivi elettronici di uso quotidiano (pc, server, tablet, smartphone) ad attacchi informatici, all\u2019installazione &#8211; anche involontaria &#8211; di softwares dannosi o comunque a minacce alla sicurezza informatica di vario tipo. Il traffico dei dati personali si sta rivelando, infatti, una delle attivit\u00e0 illecite pi\u00f9 diffuse: sempre pi\u00f9 frequenti sono, infatti, le notizie relative a furti di dati e a richieste di \u201criscatti\u201d, anche di importi cospicui, da parte di malintenzionati.<\/p>\n[\/vc_column_text][\/vc_column][vc_column width=&#8221;1\/2&#8243;][vc_single_image image=&#8221;6068&#8243; img_size=&#8221;full&#8221; alignment=&#8221;center&#8221; css=&#8221;.vc_custom_1623854240433{padding-top: 20px !important;}&#8221;][\/vc_column][\/vc_row][vc_row css=&#8221;.vc_custom_1512400326803{padding-bottom: 90px !important;}&#8221;][vc_column][vc_column_text css=&#8221;.vc_custom_1623076893547{padding-top: 10% !important;}&#8221;]\n<p style=\"text-align: justify;\">I dati personali, infatti, sono diventati il \u201cpetrolio del nuovo millennio\u201d e, contrariamente a quanto si possa pensare, la perdita di tali risorse non coinvolge esclusivamente multinazionali e societ\u00e0 che fanno dei dati personali il proprio <em>core business<\/em>, ma anche piccole e medie realt\u00e0 economiche ed imprenditoriali.<\/p>\n<p style=\"text-align: justify;\">Il Regolamento Europeo n. 679\/2016 (cd. GDPR), operativo dal 25 maggio 2018, al fine di ovviare e tentare di rimediare a questa tendenza, ha imposto un brusco cambio di rotta rispetto alla tematica della gestione dei dati personali, introducendo il tema dell\u2019adeguatezza delle misure di sicurezza adottate, prevedendo un insieme di obblighi che, diversificati e ponderati a seconda della realt\u00e0 aziendale specifica, comportano inevitabilmente una maggiore responsabilizzazione di chi detiene e quindi tratta tali dati, nonch\u00e9, da ultimo, prevedendo pesanti sanzioni pecuniarie nel caso di mancata conformit\u00e0 alle prescrizioni.<\/p>\n<p style=\"text-align: justify;\">In una simile realt\u00e0 sociale, DOMYNO, per il tramite dei professionisti specializzati e degli esperti del proprio <em>team<\/em>, assiste le imprese e i professionisti nell\u2019analisi dei rischi connessi al trattamento dei dati personali, mappando i trattamenti, le finalit\u00e0 e i dati, redigendo manuali, <em>policy<\/em>, procedure finalizzate alla protezione di tali informazioni, nonch\u00e9 documentazione relativa al trattamento nel pieno rispetto dei principi di trasparenza e correttezza. DOMYNO affianca poi l\u2019impresa nell\u2019individuazione di professionisti altamente qualificati ai quali poter conferire l\u2019incarico come Data Protection Officer\/Responsabile della Protezione dei Dati Personali e di Cyber Security Manager in modo da poter garantire alla propria clientela l\u2019ottimale applicazione della normativa vigente in tema di protezione dei dati personali e la predisposizione delle misure di sicurezza, anche cyber, adeguate alla specifica realt\u00e0, senza appesantirne il <em>core business<\/em>.<\/p>\n[\/vc_column_text][\/vc_column][\/vc_row][vc_row][vc_column][vc_custom_heading text=&#8221;Desideri maggiori informazioni? Contattaci!&#8221; font_container=&#8221;tag:h3|font_size:34|text_align:center&#8221; use_theme_fonts=&#8221;yes&#8221; el_class=&#8221;heading-title&#8221; css=&#8221;.vc_custom_1623916451636{padding-bottom: 50px !important;}&#8221;]\n<div class=\"wpcf7 no-js\" id=\"wpcf7-f6392-o1\" lang=\"en-US\" dir=\"ltr\" data-wpcf7-id=\"6392\">\n<div class=\"screen-reader-response\"><p role=\"status\" aria-live=\"polite\" aria-atomic=\"true\"><\/p> <ul><\/ul><\/div>\n<form action=\"\/index.php\/wp-json\/wp\/v2\/pages\/5984#wpcf7-f6392-o1\" method=\"post\" class=\"wpcf7-form init\" aria-label=\"Contact form\" novalidate=\"novalidate\" data-status=\"init\">\n<fieldset class=\"hidden-fields-container\"><input type=\"hidden\" name=\"_wpcf7\" value=\"6392\" \/><input type=\"hidden\" name=\"_wpcf7_version\" value=\"6.1.5\" \/><input type=\"hidden\" name=\"_wpcf7_locale\" value=\"en_US\" \/><input type=\"hidden\" name=\"_wpcf7_unit_tag\" value=\"wpcf7-f6392-o1\" \/><input type=\"hidden\" name=\"_wpcf7_container_post\" value=\"0\" \/><input type=\"hidden\" name=\"_wpcf7_posted_data_hash\" value=\"\" \/>\n<\/fieldset>\n<div class=\"row\">\n\t<div class=\"contact-input\">\n\t\t<div class=\"col-md-12 col-sm-12\">\n\t\t\t<div class=\"contact-company\">\n\t\t\t\t<p><span class=\"wpcf7-form-control-wrap\" data-name=\"your-company\"><input size=\"40\" maxlength=\"400\" class=\"wpcf7-form-control wpcf7-text wpcf7-validates-as-required\" aria-required=\"true\" aria-invalid=\"false\" placeholder=\"Azienda *\" value=\"\" type=\"text\" name=\"your-company\" \/><\/span>\n\t\t\t\t<\/p>\n\t\t\t<\/div>\n\t\t<\/div>\n\t\t<div class=\"col-md-12 col-sm-12\">\n\t\t\t<div class=\"contact-name\">\n\t\t\t\t<p><span class=\"wpcf7-form-control-wrap\" data-name=\"your-name\"><input size=\"40\" maxlength=\"400\" class=\"wpcf7-form-control wpcf7-text wpcf7-validates-as-required\" aria-required=\"true\" aria-invalid=\"false\" placeholder=\"Nome e Cognome *\" value=\"\" type=\"text\" name=\"your-name\" \/><\/span>\n\t\t\t\t<\/p>\n\t\t\t<\/div>\n\t\t<\/div>\n\t\t<div class=\"col-md-12 col-sm-12\">\n\t\t\t<div class=\"contact-email\">\n\t\t\t\t<p><span class=\"wpcf7-form-control-wrap\" data-name=\"your-email\"><input size=\"40\" maxlength=\"400\" class=\"wpcf7-form-control wpcf7-email wpcf7-validates-as-required wpcf7-text wpcf7-validates-as-email\" aria-required=\"true\" aria-invalid=\"false\" placeholder=\"Email *\" value=\"\" type=\"email\" name=\"your-email\" \/><\/span>\n\t\t\t\t<\/p>\n\t\t\t<\/div>\n\t\t<\/div>\n\t\t<div class=\"col-md-12 col-sm-12\">\n\t\t\t<div class=\"contact-phone\">\n\t\t\t\t<p><span class=\"wpcf7-form-control-wrap\" data-name=\"your-phone\"><input size=\"40\" maxlength=\"400\" class=\"wpcf7-form-control wpcf7-tel wpcf7-validates-as-required wpcf7-text wpcf7-validates-as-tel\" aria-required=\"true\" aria-invalid=\"false\" placeholder=\"Telefono *\" value=\"\" type=\"tel\" name=\"your-phone\" \/><\/span>\n\t\t\t\t<\/p>\n\t\t\t<\/div>\n\t\t<\/div>\n\t\t<div class=\"col-md-12 col-sm-12\">\n\t\t\t<div class=\"contact-message\">\n\t\t\t\t<p><span class=\"wpcf7-form-control-wrap\" data-name=\"your-message\"><textarea cols=\"40\" rows=\"10\" maxlength=\"2000\" class=\"wpcf7-form-control wpcf7-textarea wpcf7-validates-as-required\" aria-required=\"true\" aria-invalid=\"false\" placeholder=\"Message *\" name=\"your-message\"><\/textarea><\/span>\n\t\t\t\t<\/p>\n\t\t\t<\/div>\n\t\t<\/div>\n\t<\/div>\n<\/div>\n<div class=\"col-md-12 col-sm-12\">\n\t<p style=\"font-size:14px;\"><br \/>\n<span class=\"wpcf7-form-control-wrap\" data-name=\"checkbox-2\"><span class=\"wpcf7-form-control wpcf7-checkbox wpcf7-validates-as-required\"><span class=\"wpcf7-list-item first last\"><label><input type=\"checkbox\" name=\"checkbox-2[]\" value=\"Dichiaro di aver letto\" \/><span class=\"wpcf7-list-item-label\">Dichiaro di aver letto<\/span><\/label><\/span><\/span><\/span><a href=\"https:\/\/www.domynoitalia.it\/index.php\/privacy-policy\/\" target=\"_blank\"><b> l'informativa sul trattamento dei dati personali<\/b><\/a><br \/>\n<span class=\"wpcf7-form-control-wrap\" data-name=\"radio-3\"><span class=\"wpcf7-form-control wpcf7-radio\"><span class=\"wpcf7-list-item first\"><label><input type=\"radio\" name=\"radio-3\" value=\"Acconsento\" \/><span class=\"wpcf7-list-item-label\">Acconsento<\/span><\/label><\/span><span class=\"wpcf7-list-item last\"><label><input type=\"radio\" name=\"radio-3\" value=\"Non acconsento al trattamento dei miei dati personali per le finalit\u00e0 connesse all\u2019invio a mezzo mail delle informazioni, anche di tipo commerciale, relative ai nostri servizi, offerte e promozioni.\" \/><span class=\"wpcf7-list-item-label\">Non acconsento al trattamento dei miei dati personali per le finalit\u00e0 connesse all\u2019invio a mezzo mail delle informazioni, anche di tipo commerciale, relative ai nostri servizi, offerte e promozioni.<\/span><\/label><\/span><\/span><\/span>\n\t<\/p>\n<\/div>\n<div class=\"contact-submit\">\n\t<p><input class=\"wpcf7-form-control wpcf7-submit has-spinner button\" type=\"submit\" value=\"Invia\" \/>\n\t<\/p>\n<\/div><div class=\"wpcf7-response-output\" aria-hidden=\"true\"><\/div>\n<\/form>\n<\/div>\n[\/vc_column][\/vc_row]\n","protected":false},"excerpt":{"rendered":"<p>[vc_row css=&#8221;.vc_custom_1539785668452{padding-top: 30px !important;}&#8221; el_class=&#8221;about-image&#8221;][vc_column width=&#8221;1\/2&#8243;][vc_column_text] Protezione Dati Personali: GDPR e Cybersecurity Il tema relativo alla sicurezza dei dati personali assume quotidianamente crescente rilevanza a causa della sempre maggiore esposizione [&hellip;]<\/p>\n","protected":false},"author":1,"featured_media":0,"parent":0,"menu_order":0,"comment_status":"closed","ping_status":"closed","template":"page-templates\/page-no-title.php","meta":{"_monsterinsights_skip_tracking":false,"_monsterinsights_sitenote_active":false,"_monsterinsights_sitenote_note":"","_monsterinsights_sitenote_category":0,"footnotes":""},"class_list":["post-5984","page","type-page","status-publish","hentry"],"yoast_head":"<!-- This site is optimized with the Yoast SEO plugin v27.3 - https:\/\/yoast.com\/product\/yoast-seo-wordpress\/ -->\n<title>Protezione dati personali: GDPR e Cybersecurity - Domyno Italia<\/title>\n<meta name=\"robots\" content=\"index, follow, max-snippet:-1, max-image-preview:large, max-video-preview:-1\" \/>\n<link rel=\"canonical\" href=\"https:\/\/www.domynoitalia.it\/index.php\/protezione-dati-personali-gdpr-e-cybersecurity\/\" \/>\n<meta property=\"og:locale\" content=\"it_IT\" \/>\n<meta property=\"og:type\" content=\"article\" \/>\n<meta property=\"og:title\" content=\"Protezione dati personali: GDPR e Cybersecurity - Domyno Italia\" \/>\n<meta property=\"og:description\" content=\"[vc_row css=&#8221;.vc_custom_1539785668452{padding-top: 30px !important;}&#8221; el_class=&#8221;about-image&#8221;][vc_column width=&#8221;1\/2&#8243;][vc_column_text] Protezione Dati Personali: GDPR e Cybersecurity Il tema relativo alla sicurezza dei dati personali assume quotidianamente crescente rilevanza a causa della sempre maggiore esposizione [&hellip;]\" \/>\n<meta property=\"og:url\" content=\"https:\/\/www.domynoitalia.it\/index.php\/protezione-dati-personali-gdpr-e-cybersecurity\/\" \/>\n<meta property=\"og:site_name\" content=\"Domyno Italia\" \/>\n<meta property=\"article:modified_time\" content=\"2021-06-22T13:34:45+00:00\" \/>\n<meta name=\"twitter:card\" content=\"summary_large_image\" \/>\n<meta name=\"twitter:label1\" content=\"Tempo di lettura stimato\" \/>\n\t<meta name=\"twitter:data1\" content=\"2 minuti\" \/>\n<script type=\"application\/ld+json\" class=\"yoast-schema-graph\">{\"@context\":\"https:\\\/\\\/schema.org\",\"@graph\":[{\"@type\":\"WebPage\",\"@id\":\"https:\\\/\\\/www.domynoitalia.it\\\/index.php\\\/protezione-dati-personali-gdpr-e-cybersecurity\\\/\",\"url\":\"https:\\\/\\\/www.domynoitalia.it\\\/index.php\\\/protezione-dati-personali-gdpr-e-cybersecurity\\\/\",\"name\":\"Protezione dati personali: GDPR e Cybersecurity - Domyno Italia\",\"isPartOf\":{\"@id\":\"https:\\\/\\\/www.domynoitalia.it\\\/#website\"},\"datePublished\":\"2021-06-04T08:38:08+00:00\",\"dateModified\":\"2021-06-22T13:34:45+00:00\",\"breadcrumb\":{\"@id\":\"https:\\\/\\\/www.domynoitalia.it\\\/index.php\\\/protezione-dati-personali-gdpr-e-cybersecurity\\\/#breadcrumb\"},\"inLanguage\":\"it-IT\",\"potentialAction\":[{\"@type\":\"ReadAction\",\"target\":[\"https:\\\/\\\/www.domynoitalia.it\\\/index.php\\\/protezione-dati-personali-gdpr-e-cybersecurity\\\/\"]}]},{\"@type\":\"BreadcrumbList\",\"@id\":\"https:\\\/\\\/www.domynoitalia.it\\\/index.php\\\/protezione-dati-personali-gdpr-e-cybersecurity\\\/#breadcrumb\",\"itemListElement\":[{\"@type\":\"ListItem\",\"position\":1,\"name\":\"Home\",\"item\":\"https:\\\/\\\/www.domynoitalia.it\\\/\"},{\"@type\":\"ListItem\",\"position\":2,\"name\":\"Protezione dati personali: GDPR e Cybersecurity\"}]},{\"@type\":\"WebSite\",\"@id\":\"https:\\\/\\\/www.domynoitalia.it\\\/#website\",\"url\":\"https:\\\/\\\/www.domynoitalia.it\\\/\",\"name\":\"Domyno Italia\",\"description\":\"\",\"potentialAction\":[{\"@type\":\"SearchAction\",\"target\":{\"@type\":\"EntryPoint\",\"urlTemplate\":\"https:\\\/\\\/www.domynoitalia.it\\\/?s={search_term_string}\"},\"query-input\":{\"@type\":\"PropertyValueSpecification\",\"valueRequired\":true,\"valueName\":\"search_term_string\"}}],\"inLanguage\":\"it-IT\"}]}<\/script>\n<!-- \/ Yoast SEO plugin. -->","yoast_head_json":{"title":"Protezione dati personali: GDPR e Cybersecurity - Domyno Italia","robots":{"index":"index","follow":"follow","max-snippet":"max-snippet:-1","max-image-preview":"max-image-preview:large","max-video-preview":"max-video-preview:-1"},"canonical":"https:\/\/www.domynoitalia.it\/index.php\/protezione-dati-personali-gdpr-e-cybersecurity\/","og_locale":"it_IT","og_type":"article","og_title":"Protezione dati personali: GDPR e Cybersecurity - Domyno Italia","og_description":"[vc_row css=&#8221;.vc_custom_1539785668452{padding-top: 30px !important;}&#8221; el_class=&#8221;about-image&#8221;][vc_column width=&#8221;1\/2&#8243;][vc_column_text] Protezione Dati Personali: GDPR e Cybersecurity Il tema relativo alla sicurezza dei dati personali assume quotidianamente crescente rilevanza a causa della sempre maggiore esposizione [&hellip;]","og_url":"https:\/\/www.domynoitalia.it\/index.php\/protezione-dati-personali-gdpr-e-cybersecurity\/","og_site_name":"Domyno Italia","article_modified_time":"2021-06-22T13:34:45+00:00","twitter_card":"summary_large_image","twitter_misc":{"Tempo di lettura stimato":"2 minuti"},"schema":{"@context":"https:\/\/schema.org","@graph":[{"@type":"WebPage","@id":"https:\/\/www.domynoitalia.it\/index.php\/protezione-dati-personali-gdpr-e-cybersecurity\/","url":"https:\/\/www.domynoitalia.it\/index.php\/protezione-dati-personali-gdpr-e-cybersecurity\/","name":"Protezione dati personali: GDPR e Cybersecurity - Domyno Italia","isPartOf":{"@id":"https:\/\/www.domynoitalia.it\/#website"},"datePublished":"2021-06-04T08:38:08+00:00","dateModified":"2021-06-22T13:34:45+00:00","breadcrumb":{"@id":"https:\/\/www.domynoitalia.it\/index.php\/protezione-dati-personali-gdpr-e-cybersecurity\/#breadcrumb"},"inLanguage":"it-IT","potentialAction":[{"@type":"ReadAction","target":["https:\/\/www.domynoitalia.it\/index.php\/protezione-dati-personali-gdpr-e-cybersecurity\/"]}]},{"@type":"BreadcrumbList","@id":"https:\/\/www.domynoitalia.it\/index.php\/protezione-dati-personali-gdpr-e-cybersecurity\/#breadcrumb","itemListElement":[{"@type":"ListItem","position":1,"name":"Home","item":"https:\/\/www.domynoitalia.it\/"},{"@type":"ListItem","position":2,"name":"Protezione dati personali: GDPR e Cybersecurity"}]},{"@type":"WebSite","@id":"https:\/\/www.domynoitalia.it\/#website","url":"https:\/\/www.domynoitalia.it\/","name":"Domyno Italia","description":"","potentialAction":[{"@type":"SearchAction","target":{"@type":"EntryPoint","urlTemplate":"https:\/\/www.domynoitalia.it\/?s={search_term_string}"},"query-input":{"@type":"PropertyValueSpecification","valueRequired":true,"valueName":"search_term_string"}}],"inLanguage":"it-IT"}]}},"_links":{"self":[{"href":"https:\/\/www.domynoitalia.it\/index.php\/wp-json\/wp\/v2\/pages\/5984","targetHints":{"allow":["GET"]}}],"collection":[{"href":"https:\/\/www.domynoitalia.it\/index.php\/wp-json\/wp\/v2\/pages"}],"about":[{"href":"https:\/\/www.domynoitalia.it\/index.php\/wp-json\/wp\/v2\/types\/page"}],"author":[{"embeddable":true,"href":"https:\/\/www.domynoitalia.it\/index.php\/wp-json\/wp\/v2\/users\/1"}],"replies":[{"embeddable":true,"href":"https:\/\/www.domynoitalia.it\/index.php\/wp-json\/wp\/v2\/comments?post=5984"}],"version-history":[{"count":11,"href":"https:\/\/www.domynoitalia.it\/index.php\/wp-json\/wp\/v2\/pages\/5984\/revisions"}],"predecessor-version":[{"id":6399,"href":"https:\/\/www.domynoitalia.it\/index.php\/wp-json\/wp\/v2\/pages\/5984\/revisions\/6399"}],"wp:attachment":[{"href":"https:\/\/www.domynoitalia.it\/index.php\/wp-json\/wp\/v2\/media?parent=5984"}],"curies":[{"name":"wp","href":"https:\/\/api.w.org\/{rel}","templated":true}]}}